{"id":112,"date":"2023-02-22T04:39:08","date_gmt":"2023-02-22T04:39:08","guid":{"rendered":"http:\/\/insese.com\/?page_id=112"},"modified":"2023-02-23T04:46:11","modified_gmt":"2023-02-23T04:46:11","slug":"quienes-somos","status":"publish","type":"page","link":"https:\/\/insese.com\/?page_id=112","title":{"rendered":"Quienes Somos"},"content":{"rendered":"\n<div class=\"wp-block-group alignfull has-primary-color has-tertiary-background-color has-text-color has-background has-link-color wp-elements-a43526d2c60b92d5d7a0344a8f6eb7db is-layout-constrained wp-block-group-is-layout-constrained\" style=\"padding-top:6rem;padding-bottom:6rem\">\n<div class=\"wp-block-group alignwide is-layout-flow wp-block-group-is-layout-flow\">\n<div style=\"height:32px\" aria-hidden=\"true\" class=\"wp-block-spacer\"><\/div>\n\n\n\n<p><strong>INDUSTRIAL SEWING SERVICE S DE R.L<\/strong><strong><\/strong><\/p>\n\n\n\n<p>Con 18 a\u00f1os de presencia en la industria hondure\u00f1a y centroamericana suministrando, agujas, repuestos, productos accesorios en general para la industria textil y la confecci\u00f3n; ofreciendo la mejor calidad y el mejor servicio al mejor precio.<\/p>\n\n\n\n<p>Pensando siempre en satisfacer sus necesidades y contribuir a un mejor rendimiento en su desempe\u00f1o A dem\u00e1s contamos con la capacidad de inventarios y log\u00edstica&nbsp;de distribuci\u00f3n&nbsp;en el lugar y momento oportuno.&nbsp;<\/p>\n<\/div>\n<\/div>\n\n\n\n<div class=\"wp-block-columns alignwide is-layout-flex wp-container-core-columns-is-layout-28f84493 wp-block-columns-is-layout-flex\">\n<div class=\"wp-block-column has-background-color has-text-color has-background has-link-color wp-elements-fdb3a075ede9fdd4622d2fa09d779c04 is-layout-flow wp-block-column-is-layout-flow\" style=\"background-color:#1210b5;padding-top:2em;padding-right:2em;padding-bottom:2em;padding-left:2em\">\n<h2 class=\"wp-block-heading\" id=\"single\" style=\"font-size:40px\"><strong>Misi\u00f3n<\/strong><\/h2>\n\n\n\n<hr class=\"wp-block-separator has-text-color has-css-opacity has-background is-style-wide\" style=\"background-color:#000000;color:#000000\"\/>\n\n\n\n<p>Somos una empresa enfocada en brindarle productos de alta calidad de marcas de prestigio internacional a nivel mundial en la industria de la costura, con un servicio de excelencia por medio de la distribuci\u00f3n nacional y regional<\/p>\n<\/div>\n\n\n\n<div class=\"wp-block-column has-background-color has-text-color has-background has-link-color wp-elements-3315a917205d11cf6e2f30e5f34b2d3a is-layout-flow wp-block-column-is-layout-flow\" style=\"background-color:#1210b5;padding-top:2em;padding-right:2em;padding-bottom:2em;padding-left:2em\">\n<h2 class=\"wp-block-heading\" id=\"family\" style=\"font-size:40px\"><strong>Visi\u00f3n<\/strong><\/h2>\n\n\n\n<hr class=\"wp-block-separator has-css-opacity is-style-wide\"\/>\n\n\n\n<p>Ser la empresa l\u00edder en Honduras y centro am\u00e9rica en la distribuci\u00f3n de repuestos Originales, Gen\u00e9ricos y Accesorios para la industria de la confecci\u00f3n y costura, llegar de manera eficiente a cada uno de nuestro cliente.<\/p>\n<\/div>\n\n\n\n<div class=\"wp-block-column has-background-color has-text-color has-background has-link-color wp-elements-695c19e833c365ed8c9778e1c0a005b4 is-layout-flow wp-block-column-is-layout-flow\" style=\"background-color:#1210b5;padding-top:2em;padding-right:2em;padding-bottom:2em;padding-left:2em\">\n<h2 class=\"wp-block-heading\" id=\"patron\" style=\"font-size:40px\"><strong>Valores<\/strong><\/h2>\n\n\n\n<hr class=\"wp-block-separator has-css-opacity is-style-wide\"\/>\n\n\n\n<ul class=\"wp-block-list\">\n<li>&nbsp;Honestidad &nbsp;&nbsp;<\/li>\n\n\n\n<li>Integridad<\/li>\n\n\n\n<li>Creatividad<\/li>\n\n\n\n<li>Profesionalismo<\/li>\n<\/ul>\n<\/div>\n<\/div>\n","protected":false},"excerpt":{"rendered":"<p>INDUSTRIAL SEWING SERVICE S DE R.L Con 18 a\u00f1os de presencia en la industria hondure\u00f1a y centroamericana suministrando, agujas, repuestos, productos accesorios en general para la industria textil y la confecci\u00f3n; ofreciendo la mejor calidad y el mejor servicio al mejor precio. Pensando siempre en satisfacer sus necesidades y contribuir a un mejor rendimiento en [&hellip;]<\/p>\n","protected":false},"author":1,"featured_media":0,"parent":0,"menu_order":1,"comment_status":"closed","ping_status":"closed","template":"","meta":{"footnotes":""},"class_list":["post-112","page","type-page","status-publish","hentry"],"_links":{"self":[{"href":"https:\/\/insese.com\/index.php?rest_route=\/wp\/v2\/pages\/112","targetHints":{"allow":["GET"]}}],"collection":[{"href":"https:\/\/insese.com\/index.php?rest_route=\/wp\/v2\/pages"}],"about":[{"href":"https:\/\/insese.com\/index.php?rest_route=\/wp\/v2\/types\/page"}],"author":[{"embeddable":true,"href":"https:\/\/insese.com\/index.php?rest_route=\/wp\/v2\/users\/1"}],"replies":[{"embeddable":true,"href":"https:\/\/insese.com\/index.php?rest_route=%2Fwp%2Fv2%2Fcomments&post=112"}],"version-history":[{"count":6,"href":"https:\/\/insese.com\/index.php?rest_route=\/wp\/v2\/pages\/112\/revisions"}],"predecessor-version":[{"id":154,"href":"https:\/\/insese.com\/index.php?rest_route=\/wp\/v2\/pages\/112\/revisions\/154"}],"wp:attachment":[{"href":"https:\/\/insese.com\/index.php?rest_route=%2Fwp%2Fv2%2Fmedia&parent=112"}],"curies":[{"name":"wp","href":"https:\/\/api.w.org\/{rel}","templated":true}]}}